{"id":194,"date":"2024-05-20T09:58:03","date_gmt":"2024-05-20T09:58:03","guid":{"rendered":"https:\/\/festivalpiornoenflor.es\/?page_id=194"},"modified":"2024-05-21T12:35:22","modified_gmt":"2024-05-21T12:35:22","slug":"politica-de-privacidad","status":"publish","type":"page","link":"https:\/\/festivalpiornoenflor.es\/?page_id=194","title":{"rendered":"Pol\u00edtica de privacidad"},"content":{"rendered":"\n<p><strong>1. Identificaci\u00f3n<\/strong><\/p>\n\n\n\n<ul class=\"wp-block-list\">\n<li>Titular: Asoc. de empresarios Gredos Norte<\/li>\n\n\n\n<li>NIF: G05223441<\/li>\n\n\n\n<li>Domicilio social: C\/Claudio S\u00e1nchez Albornoz, 05634 Hoyos del Espino (\u00c1vila)<\/li>\n\n\n\n<li>Correo electr\u00f3nico: infopiornoenflor@gmail.com<\/li>\n<\/ul>\n\n\n\n<p><strong>2. Informaci\u00f3n y consentimiento<\/strong><\/p>\n\n\n\n<p>El usuario de la Web, queda informado de la forma que el titular de la misma, recaba, trata y protege los datos de car\u00e1cter personal que le son facilitados a trav\u00e9s de los formularios dispuestos a trav\u00e9s del sitio web libreriamedrano.com (en adelante, el \u201cSitio Web\u201d).<\/p>\n\n\n\n<p><strong>3. Obligatoriedad de facilitar los datos<\/strong><\/p>\n\n\n\n<p>Los datos solicitados a trav\u00e9s del presente Sitio Web son, con car\u00e1cter general, obligatorios \u00a1 para cumplir con las finalidades establecidas.<\/p>\n\n\n\n<p>Por lo tanto, si no se facilitan dichos datos o estos no son correctos no podr\u00e1n atenderse las mismas.<\/p>\n\n\n\n<p><strong>4. Finalidad del tratamiento y plazo de conservaci\u00f3n<\/strong><\/p>\n\n\n\n<p>Los datos personales recabados ser\u00e1n tratados por Rafael Medrano Rivilla para las siguientes finalidades.<\/p>\n\n\n\n<ul class=\"wp-block-list\">\n<li>Gestionar las compras efectuadas por el usuario a trav\u00e9s de la Web, as\u00ed como el pago de las mismas y env\u00edo de los pedidos.<\/li>\n<\/ul>\n\n\n\n<p>Los datos se conservar\u00e1n durante el tiempo necesario para la realizaci\u00f3n de las finalidades para las que fueron recabados, y, durante el plazo de prescripci\u00f3n de las acciones legales que se puedan derivar de la misma. No obstante, el usuario de la Web puede solicitar su baja al titular de la misma oponi\u00e9ndose o revocando su consentimiento.<\/p>\n\n\n\n<p><strong>5. Datos tratados<\/strong><\/p>\n\n\n\n<p>El titular de la Web tratar\u00e1 las siguientes categor\u00edas de datos:<\/p>\n\n\n\n<ul class=\"wp-block-list\">\n<li>Datos identificativos: nombre, apellidos, documento nacional de identidad o n\u00famero de identidad de extranjero e imagen.<\/li>\n\n\n\n<li>Datos de contacto: domicilio, tel\u00e9fono fijo, tel\u00e9fono m\u00f3vil, direcci\u00f3n de correo electr\u00f3nico.<\/li>\n\n\n\n<li>Datos bancarios: n\u00famero de cuenta, titular, mandato SEPA.<\/li>\n<\/ul>\n\n\n\n<p><strong>6. Legitimaci\u00f3n del tratamiento<\/strong><\/p>\n\n\n\n<p>El tratamiento de datos para la adquisici\u00f3n de productos por medio del Sitio Web ser\u00e1 necesario para el cumplimiento de la relaci\u00f3n contractual surgida entre el usuario y el titular de la Web.<\/p>\n\n\n\n<p>El tratamiento de sus datos con fines de marketing, relativo a bienes y servicios propios de se basar\u00e1 en el inter\u00e9s leg\u00edtimo reconocido por la normativa cuando el usuario haya adquirido bienes y\/o servicios del titular.<\/p>\n\n\n\n<p>El tratamiento para las referidas finalidades, se realizar\u00e1 siempre previo consentimiento del usuario o en base al referido inter\u00e9s leg\u00edtimo.<\/p>\n\n\n\n<p>Para revocar dicho consentimiento, el Usuario podr\u00e1 contactar con el titular de la Web a trav\u00e9s de los canales siguientes: mediante carta dirigida a la direcci\u00f3n C\/Claudio S\u00e1nchez Albornoz, 05634 Hoyos del Espino (\u00c1vila) o bien haciendo t o bien mediante correo electr\u00f3nico dirigido a infopiornoenflor@gmail.com<\/p>\n\n\n\n<p><strong>7. Comunicaci\u00f3n de Datos.<\/strong><\/p>\n\n\n\n<p>Los datos del usuario podr\u00e1n ser comunicados a:<\/p>\n\n\n\n<ul class=\"wp-block-list\">\n<li>Administraciones P\u00fablicas y autoridades nacionales y\/o europeas competentes, en los casos previstos por la Ley.<\/li>\n<\/ul>\n\n\n\n<p>Adicionalmente, los datos podr\u00e1n ser accesibles por proveedores del titular del sitio web siendo dicho acceso el necesario para el adecuado cumplimiento de las obligaciones legales y\/o de las finalidades anteriormente indicadas. Dichos proveedores no tratar\u00e1n sus datos para finalidades propias que no hayan sido previamente informadas por el titular de la Web.<\/p>\n\n\n\n<p><strong>8. Responsabilidad del usuario<\/strong><\/p>\n\n\n\n<p>El usuario:<\/p>\n\n\n\n<ul class=\"wp-block-list\">\n<li>Garantiza que es mayor de dieciocho (18) a\u00f1os y que los datos que facilita al titular de la Web son verdaderos, exactos, completos y actualizados. A estos efectos, el usuario responde de la veracidad de todos los datos que comunique y mantendr\u00e1 convenientemente actualizada la informaci\u00f3n facilitada, de tal forma que responda a su situaci\u00f3n real.<\/li>\n\n\n\n<li>Garantiza que ha informado a los terceros de los que facilite sus datos, en caso de hacerlo, de los aspectos contenidos en este documento. Asimismo, garantiza que ha obtenido su autorizaci\u00f3n para facilitar sus datos al titular de la Web los fines se\u00f1alados.<\/li>\n\n\n\n<li>Ser\u00e1 responsable de las informaciones falsas o inexactas que proporcione a trav\u00e9s del Sitio Web y de los da\u00f1os y perjuicios, directos o indirectos, que ello cause al titular de la Web o a terceros.<\/li>\n<\/ul>\n\n\n\n<p><strong>9. Ejercicio de derechos<\/strong><\/p>\n\n\n\n<p>El usuario puede enviar un escrito al titular de la Web a la direcci\u00f3n indicada en el encabezado de la presente Pol\u00edtica, o bien por medio de un correo electr\u00f3nico a la direcci\u00f3n infopiornoenflor@gmail.com, adjuntando fotocopia de su documento de identidad, en cualquier momento y de manera gratuita, para:<\/p>\n\n\n\n<ul class=\"wp-block-list\">\n<li>Revocar los consentimientos otorgados.<\/li>\n\n\n\n<li>Obtener confirmaci\u00f3n acerca de si en el titular de la Web se est\u00e1n tratando datos personales del usuario.<\/li>\n\n\n\n<li>Acceder a sus datos personales.<\/li>\n\n\n\n<li>Rectificar los datos inexactos o incompletos.<\/li>\n\n\n\n<li>Solicitar la supresi\u00f3n de sus datos cuando, entre otros motivos, los datos ya no sean necesarios para los fines que fueron recogidos.<\/li>\n\n\n\n<li>Obtener del titular de la Web la limitaci\u00f3n del tratamiento de los datos cuando se cumpla alguna de las condiciones previstas en la normativa de protecci\u00f3n de datos.<\/li>\n\n\n\n<li>Solicitar la portabilidad de tus datos.<\/li>\n<\/ul>\n\n\n\n<p><strong>10. Medidas de seguridad<\/strong><\/p>\n\n\n\n<p>El titular de la Web tratar\u00e1 los datos del usuario en todo momento de forma absolutamente confidencial y guardando el secreto de estos, de conformidad con lo previsto en la normativa de aplicaci\u00f3n, adoptando al efecto las medidas de \u00edndole t\u00e9cnico-organizativa necesarias que garanticen la seguridad de sus datos y eviten su alteraci\u00f3n, p\u00e9rdida, tratamiento o acceso no autorizado, habida cuenta del estado de la tecnolog\u00eda, la naturaleza de los datos almacenados y los riesgos a que est\u00e1n expuestos.<\/p>\n\n\n\n<p><strong>11. Cambios en la pol\u00edtica de protecci\u00f3n de datos<\/strong> El titular de la Web, con la finalidad de garantizar los requisitos legales relativos a esta materia, se reserva el derecho de realizar cambios en su pol\u00edtica de protecci\u00f3n de datos para estar siempre adecuados a la legislaci\u00f3n vigente.<\/p>\n","protected":false},"excerpt":{"rendered":"<p>1. Identificaci\u00f3n 2. Informaci\u00f3n y consentimiento El usuario de la Web, queda informado de la forma que el titular de la misma, recaba, trata y protege los datos de car\u00e1cter personal que le son facilitados a trav\u00e9s de los formularios dispuestos a trav\u00e9s del sitio web libreriamedrano.com (en adelante, el \u201cSitio Web\u201d). 3. Obligatoriedad de [&hellip;]<\/p>\n","protected":false},"author":1,"featured_media":0,"parent":0,"menu_order":0,"comment_status":"closed","ping_status":"closed","template":"","meta":{"footnotes":""},"class_list":["post-194","page","type-page","status-publish","hentry"],"yoast_head":"<!-- This site is optimized with the Yoast SEO plugin v25.7 - https:\/\/yoast.com\/wordpress\/plugins\/seo\/ -->\n<title>Pol\u00edtica de privacidad - Festival del Piorno en Flor<\/title>\n<meta name=\"robots\" content=\"index, follow, max-snippet:-1, max-image-preview:large, max-video-preview:-1\" \/>\n<link rel=\"canonical\" href=\"https:\/\/festivalpiornoenflor.es\/?page_id=194\" \/>\n<meta property=\"og:locale\" content=\"es_ES\" \/>\n<meta property=\"og:type\" content=\"article\" \/>\n<meta property=\"og:title\" content=\"Pol\u00edtica de privacidad - Festival del Piorno en Flor\" \/>\n<meta property=\"og:description\" content=\"1. Identificaci\u00f3n 2. Informaci\u00f3n y consentimiento El usuario de la Web, queda informado de la forma que el titular de la misma, recaba, trata y protege los datos de car\u00e1cter personal que le son facilitados a trav\u00e9s de los formularios dispuestos a trav\u00e9s del sitio web libreriamedrano.com (en adelante, el \u201cSitio Web\u201d). 3. Obligatoriedad de [&hellip;]\" \/>\n<meta property=\"og:url\" content=\"https:\/\/festivalpiornoenflor.es\/?page_id=194\" \/>\n<meta property=\"og:site_name\" content=\"Festival del Piorno en Flor\" \/>\n<meta property=\"article:publisher\" content=\"https:\/\/www.facebook.com\/Piornosenflor\" \/>\n<meta property=\"article:modified_time\" content=\"2024-05-21T12:35:22+00:00\" \/>\n<meta property=\"og:image\" content=\"https:\/\/festivalpiornoenflor.es\/wp-content\/uploads\/2024\/05\/MG_0129.jpg\" \/>\n\t<meta property=\"og:image:width\" content=\"2184\" \/>\n\t<meta property=\"og:image:height\" content=\"1456\" \/>\n\t<meta property=\"og:image:type\" content=\"image\/jpeg\" \/>\n<meta name=\"twitter:card\" content=\"summary_large_image\" \/>\n<meta name=\"twitter:site\" content=\"@Piornoenflor\" \/>\n<meta name=\"twitter:label1\" content=\"Tiempo de lectura\" \/>\n\t<meta name=\"twitter:data1\" content=\"5 minutos\" \/>\n<script type=\"application\/ld+json\" class=\"yoast-schema-graph\">{\"@context\":\"https:\/\/schema.org\",\"@graph\":[{\"@type\":\"WebPage\",\"@id\":\"https:\/\/festivalpiornoenflor.es\/?page_id=194\",\"url\":\"https:\/\/festivalpiornoenflor.es\/?page_id=194\",\"name\":\"Pol\u00edtica de privacidad - Festival del Piorno en Flor\",\"isPartOf\":{\"@id\":\"https:\/\/festivalpiornoenflor.es\/#website\"},\"datePublished\":\"2024-05-20T09:58:03+00:00\",\"dateModified\":\"2024-05-21T12:35:22+00:00\",\"breadcrumb\":{\"@id\":\"https:\/\/festivalpiornoenflor.es\/?page_id=194#breadcrumb\"},\"inLanguage\":\"es\",\"potentialAction\":[{\"@type\":\"ReadAction\",\"target\":[\"https:\/\/festivalpiornoenflor.es\/?page_id=194\"]}]},{\"@type\":\"BreadcrumbList\",\"@id\":\"https:\/\/festivalpiornoenflor.es\/?page_id=194#breadcrumb\",\"itemListElement\":[{\"@type\":\"ListItem\",\"position\":1,\"name\":\"Portada\",\"item\":\"https:\/\/festivalpiornoenflor.es\/\"},{\"@type\":\"ListItem\",\"position\":2,\"name\":\"Pol\u00edtica de privacidad\"}]},{\"@type\":\"WebSite\",\"@id\":\"https:\/\/festivalpiornoenflor.es\/#website\",\"url\":\"https:\/\/festivalpiornoenflor.es\/\",\"name\":\"Festival del Piorno en Flor\",\"description\":\"\",\"publisher\":{\"@id\":\"https:\/\/festivalpiornoenflor.es\/#organization\"},\"potentialAction\":[{\"@type\":\"SearchAction\",\"target\":{\"@type\":\"EntryPoint\",\"urlTemplate\":\"https:\/\/festivalpiornoenflor.es\/?s={search_term_string}\"},\"query-input\":{\"@type\":\"PropertyValueSpecification\",\"valueRequired\":true,\"valueName\":\"search_term_string\"}}],\"inLanguage\":\"es\"},{\"@type\":\"Organization\",\"@id\":\"https:\/\/festivalpiornoenflor.es\/#organization\",\"name\":\"Festival del Piorno en Flor\",\"url\":\"https:\/\/festivalpiornoenflor.es\/\",\"logo\":{\"@type\":\"ImageObject\",\"inLanguage\":\"es\",\"@id\":\"https:\/\/festivalpiornoenflor.es\/#\/schema\/logo\/image\/\",\"url\":\"https:\/\/festivalpiornoenflor.es\/wp-content\/uploads\/2024\/05\/cropped-LOGO-ICONO.png\",\"contentUrl\":\"https:\/\/festivalpiornoenflor.es\/wp-content\/uploads\/2024\/05\/cropped-LOGO-ICONO.png\",\"width\":512,\"height\":512,\"caption\":\"Festival del Piorno en Flor\"},\"image\":{\"@id\":\"https:\/\/festivalpiornoenflor.es\/#\/schema\/logo\/image\/\"},\"sameAs\":[\"https:\/\/www.facebook.com\/Piornosenflor\",\"https:\/\/x.com\/Piornoenflor\",\"https:\/\/www.instagram.com\/piornoenflor\/?hl=es\"]}]}<\/script>\n<!-- \/ Yoast SEO plugin. -->","yoast_head_json":{"title":"Pol\u00edtica de privacidad - Festival del Piorno en Flor","robots":{"index":"index","follow":"follow","max-snippet":"max-snippet:-1","max-image-preview":"max-image-preview:large","max-video-preview":"max-video-preview:-1"},"canonical":"https:\/\/festivalpiornoenflor.es\/?page_id=194","og_locale":"es_ES","og_type":"article","og_title":"Pol\u00edtica de privacidad - Festival del Piorno en Flor","og_description":"1. Identificaci\u00f3n 2. Informaci\u00f3n y consentimiento El usuario de la Web, queda informado de la forma que el titular de la misma, recaba, trata y protege los datos de car\u00e1cter personal que le son facilitados a trav\u00e9s de los formularios dispuestos a trav\u00e9s del sitio web libreriamedrano.com (en adelante, el \u201cSitio Web\u201d). 3. Obligatoriedad de [&hellip;]","og_url":"https:\/\/festivalpiornoenflor.es\/?page_id=194","og_site_name":"Festival del Piorno en Flor","article_publisher":"https:\/\/www.facebook.com\/Piornosenflor","article_modified_time":"2024-05-21T12:35:22+00:00","og_image":[{"width":2184,"height":1456,"url":"https:\/\/festivalpiornoenflor.es\/wp-content\/uploads\/2024\/05\/MG_0129.jpg","type":"image\/jpeg"}],"twitter_card":"summary_large_image","twitter_site":"@Piornoenflor","twitter_misc":{"Tiempo de lectura":"5 minutos"},"schema":{"@context":"https:\/\/schema.org","@graph":[{"@type":"WebPage","@id":"https:\/\/festivalpiornoenflor.es\/?page_id=194","url":"https:\/\/festivalpiornoenflor.es\/?page_id=194","name":"Pol\u00edtica de privacidad - Festival del Piorno en Flor","isPartOf":{"@id":"https:\/\/festivalpiornoenflor.es\/#website"},"datePublished":"2024-05-20T09:58:03+00:00","dateModified":"2024-05-21T12:35:22+00:00","breadcrumb":{"@id":"https:\/\/festivalpiornoenflor.es\/?page_id=194#breadcrumb"},"inLanguage":"es","potentialAction":[{"@type":"ReadAction","target":["https:\/\/festivalpiornoenflor.es\/?page_id=194"]}]},{"@type":"BreadcrumbList","@id":"https:\/\/festivalpiornoenflor.es\/?page_id=194#breadcrumb","itemListElement":[{"@type":"ListItem","position":1,"name":"Portada","item":"https:\/\/festivalpiornoenflor.es\/"},{"@type":"ListItem","position":2,"name":"Pol\u00edtica de privacidad"}]},{"@type":"WebSite","@id":"https:\/\/festivalpiornoenflor.es\/#website","url":"https:\/\/festivalpiornoenflor.es\/","name":"Festival del Piorno en Flor","description":"","publisher":{"@id":"https:\/\/festivalpiornoenflor.es\/#organization"},"potentialAction":[{"@type":"SearchAction","target":{"@type":"EntryPoint","urlTemplate":"https:\/\/festivalpiornoenflor.es\/?s={search_term_string}"},"query-input":{"@type":"PropertyValueSpecification","valueRequired":true,"valueName":"search_term_string"}}],"inLanguage":"es"},{"@type":"Organization","@id":"https:\/\/festivalpiornoenflor.es\/#organization","name":"Festival del Piorno en Flor","url":"https:\/\/festivalpiornoenflor.es\/","logo":{"@type":"ImageObject","inLanguage":"es","@id":"https:\/\/festivalpiornoenflor.es\/#\/schema\/logo\/image\/","url":"https:\/\/festivalpiornoenflor.es\/wp-content\/uploads\/2024\/05\/cropped-LOGO-ICONO.png","contentUrl":"https:\/\/festivalpiornoenflor.es\/wp-content\/uploads\/2024\/05\/cropped-LOGO-ICONO.png","width":512,"height":512,"caption":"Festival del Piorno en Flor"},"image":{"@id":"https:\/\/festivalpiornoenflor.es\/#\/schema\/logo\/image\/"},"sameAs":["https:\/\/www.facebook.com\/Piornosenflor","https:\/\/x.com\/Piornoenflor","https:\/\/www.instagram.com\/piornoenflor\/?hl=es"]}]}},"_links":{"self":[{"href":"https:\/\/festivalpiornoenflor.es\/index.php?rest_route=\/wp\/v2\/pages\/194","targetHints":{"allow":["GET"]}}],"collection":[{"href":"https:\/\/festivalpiornoenflor.es\/index.php?rest_route=\/wp\/v2\/pages"}],"about":[{"href":"https:\/\/festivalpiornoenflor.es\/index.php?rest_route=\/wp\/v2\/types\/page"}],"author":[{"embeddable":true,"href":"https:\/\/festivalpiornoenflor.es\/index.php?rest_route=\/wp\/v2\/users\/1"}],"replies":[{"embeddable":true,"href":"https:\/\/festivalpiornoenflor.es\/index.php?rest_route=%2Fwp%2Fv2%2Fcomments&post=194"}],"version-history":[{"count":2,"href":"https:\/\/festivalpiornoenflor.es\/index.php?rest_route=\/wp\/v2\/pages\/194\/revisions"}],"predecessor-version":[{"id":198,"href":"https:\/\/festivalpiornoenflor.es\/index.php?rest_route=\/wp\/v2\/pages\/194\/revisions\/198"}],"wp:attachment":[{"href":"https:\/\/festivalpiornoenflor.es\/index.php?rest_route=%2Fwp%2Fv2%2Fmedia&parent=194"}],"curies":[{"name":"wp","href":"https:\/\/api.w.org\/{rel}","templated":true}]}}