{"id":192,"date":"2024-05-20T09:46:33","date_gmt":"2024-05-20T09:46:33","guid":{"rendered":"https:\/\/festivalpiornoenflor.es\/?page_id=192"},"modified":"2024-05-21T12:36:00","modified_gmt":"2024-05-21T12:36:00","slug":"uso-de-cookies","status":"publish","type":"page","link":"https:\/\/festivalpiornoenflor.es\/?page_id=192","title":{"rendered":"Uso de cookies"},"content":{"rendered":"\n<p>Debido a la entrada en vigor de la referente modificaci\u00f3n de la \u201cLey de Servicios de la Sociedad de la Informaci\u00f3n\u201d (LSSICE) establecida por el Real Decreto 13\/2012, es de obligaci\u00f3n obtener el consentimiento expreso del usuario de todas las p\u00e1ginas web que usan cookies prescindibles, antes de que \u00e9ste navegue por ellas.<\/p>\n\n\n\n<p><strong>\u00bfQu\u00e9 son las cookies?<\/strong><\/p>\n\n\n\n<p>Las cookies y otras tecnolog\u00edas similares tales como local shared objects, flash cookies o p\u00edxeles, son herramientas empleadas por los servidores Web para almacenar y recuperar informaci\u00f3n acerca de sus visitantes, as\u00ed como para ofrecer un correcto funcionamiento del sitio.<\/p>\n\n\n\n<p>Mediante el uso de estos dispositivos se permite al servidor Web recordar algunos datos concernientes al usuario, como sus preferencias para la visualizaci\u00f3n de las p\u00e1ginas de ese servidor, nombre y contrase\u00f1a, productos que m\u00e1s le interesan, etc.<\/p>\n\n\n\n<p><strong>Cookies afectadas por la normativa y cookies exceptuadas<\/strong><\/p>\n\n\n\n<p>Seg\u00fan la directiva de la UE, las cookies que requieren el consentimiento informado por parte del usuario son las cookies de anal\u00edtica y las de publicidad y afiliaci\u00f3n, quedando exceptuadas las de car\u00e1cter t\u00e9cnico y las necesarias para el funcionamiento del sitio web o la prestaci\u00f3n de servicios expresamente solicitados por el usuario.<\/p>\n\n\n\n<p><strong>\u00bfQu\u00e9 tipos de cookies existen?<\/strong><\/p>\n\n\n\n<p>Sobre los tipos de cookies, existen cinco grandes grupos:<\/p>\n\n\n\n<ul class=\"wp-block-list\">\n<li><strong>Cookies anal\u00edticas<\/strong>: recogen informaci\u00f3n del uso que se realiza del sitio web.<\/li>\n\n\n\n<li><strong>Cookies sociales<\/strong>: son aquellas necesarias para redes sociales externas.<\/li>\n\n\n\n<li><strong>Cookies de afiliados<\/strong>: permiten hacer un seguimiento de las visitas procedentes de otras webs, con las que el sitio web establece un contrato de afiliaci\u00f3n (empresas de afiliaci\u00f3n).<\/li>\n\n\n\n<li><strong>Cookies de publicidad y comportamentales<\/strong>: recogen informaci\u00f3n sobre las preferencias y elecciones personales del usuario (retargeting).<\/li>\n\n\n\n<li><strong>Cookies t\u00e9cnicas y funcionales<\/strong>: sson las estrictamente necesarias para el uso del sitio web y para la prestaci\u00f3n del servicio contratado.<\/li>\n<\/ul>\n\n\n\n<p><strong>\u00bfQu\u00e9 cookies utiliza este sitio web?<\/strong><\/p>\n\n\n\n<ul class=\"wp-block-list\">\n<li>PHPSESSID: cookie t\u00e9cnica y estrictamente necesaria que contiene el identificador de la sesi\u00f3n. Se elimina al cerrar el navegador.<\/li>\n\n\n\n<li>regcode y usr_tracker: cookies t\u00e9cnicas que contienen el par de claves que identifican de forma \u00fanica al usuario, sin contener datos personales. Caducan en 1 a\u00f1o<\/li>\n\n\n\n<li>_ga: cookie de Google Analytics que habilita la funci\u00f3n de control de visitas \u00fanicas. La primera vez que un usuario entre en el sitio web a trav\u00e9s de un navegador se instalar\u00e1 esta cookie. Cuando este usuario vuelva a entrar en la web con el mismo navegador, la cookie considerar\u00e1 que es el mismo usuario. Solo en el caso de que el usuario cambie de navegador, se considerar\u00e1 otro usuario. Caduca a los 2 a\u00f1os desde la \u00faltima actualizaci\u00f3n.<\/li>\n\n\n\n<li>_gat: Esta cookie se asocia con Google Analytics Universal. Se utiliza para limitar la velocidad de petici\u00f3n &#8211; la limitaci\u00f3n de la recogida de datos en los sitios de alto tr\u00e1fico. Caduca en 1 minuto.<\/li>\n\n\n\n<li>_gid: Esta cookie se asocia con Google Analytics Universal. Se utiliza para distinguir a los usuarios. Caduca en 24 horas.<\/li>\n<\/ul>\n\n\n\n<p><strong>Revocaci\u00f3n del consentimiento para instalar cookies<\/strong><\/p>\n\n\n\n<p>Puede usted permitir, bloquear o eliminar las cookies instaladas en su equipo mediante la configuraci\u00f3n de las opciones del navegador instalado en su ordenador.<\/p>\n\n\n\n<ul class=\"wp-block-list\">\n<li>Firefox:\u00a0<a href=\"https:\/\/www.mozilla.org\/es-ES\/privacy\/websites\/#cookies\" target=\"_blank\" rel=\"noreferrer noopener\">https:\/\/www.mozilla.org\/es-ES\/privacy\/websites\/#cookies<\/a><\/li>\n\n\n\n<li>Chrome:\u00a0<a href=\"http:\/\/support.google.com\/chrome\/answer\/95647?hl=es\" target=\"_blank\" rel=\"noreferrer noopener\">http:\/\/support.google.com\/chrome\/answer\/95647?hl=es<\/a><\/li>\n\n\n\n<li>Internet Explorer:\u00a0<a href=\"http:\/\/windows.microsoft.com\/es-419\/windows7\/how-to-manage-cookies-in-internet-explorer-9\" target=\"_blank\" rel=\"noreferrer noopener\">http:\/\/windows.microsoft.com\/es-419\/windows7\/how-to-manage-cookies-in-internet-explorer-9<\/a><\/li>\n\n\n\n<li>Safari:\u00a0<a href=\"http:\/\/support.apple.com\/kb\/PH5042\" target=\"_blank\" rel=\"noreferrer noopener\">http:\/\/support.apple.com\/kb\/PH5042<\/a><\/li>\n\n\n\n<li>Opera:\u00a0<a href=\"http:\/\/help.opera.com\/Linux\/10.60\/es-ES\/cookies.html\" target=\"_blank\" rel=\"noreferrer noopener\">http:\/\/help.opera.com\/Linux\/10.60\/es-ES\/cookies.html<\/a><\/li>\n\n\n\n<li>Otros navegadores: consulte la documentaci\u00f3n del navegador que tenga instalado.<\/li>\n<\/ul>\n","protected":false},"excerpt":{"rendered":"<p>Debido a la entrada en vigor de la referente modificaci\u00f3n de la \u201cLey de Servicios de la Sociedad de la Informaci\u00f3n\u201d (LSSICE) establecida por el Real Decreto 13\/2012, es de obligaci\u00f3n obtener el consentimiento expreso del usuario de todas las p\u00e1ginas web que usan cookies prescindibles, antes de que \u00e9ste navegue por ellas. \u00bfQu\u00e9 son [&hellip;]<\/p>\n","protected":false},"author":1,"featured_media":0,"parent":0,"menu_order":0,"comment_status":"closed","ping_status":"closed","template":"","meta":{"footnotes":""},"class_list":["post-192","page","type-page","status-publish","hentry"],"yoast_head":"<!-- This site is optimized with the Yoast SEO plugin v25.7 - https:\/\/yoast.com\/wordpress\/plugins\/seo\/ -->\n<title>Uso de cookies - Festival del Piorno en Flor<\/title>\n<meta name=\"robots\" content=\"index, follow, max-snippet:-1, max-image-preview:large, max-video-preview:-1\" \/>\n<link rel=\"canonical\" href=\"https:\/\/festivalpiornoenflor.es\/?page_id=192\" \/>\n<meta property=\"og:locale\" content=\"es_ES\" \/>\n<meta property=\"og:type\" content=\"article\" \/>\n<meta property=\"og:title\" content=\"Uso de cookies - Festival del Piorno en Flor\" \/>\n<meta property=\"og:description\" content=\"Debido a la entrada en vigor de la referente modificaci\u00f3n de la \u201cLey de Servicios de la Sociedad de la Informaci\u00f3n\u201d (LSSICE) establecida por el Real Decreto 13\/2012, es de obligaci\u00f3n obtener el consentimiento expreso del usuario de todas las p\u00e1ginas web que usan cookies prescindibles, antes de que \u00e9ste navegue por ellas. \u00bfQu\u00e9 son [&hellip;]\" \/>\n<meta property=\"og:url\" content=\"https:\/\/festivalpiornoenflor.es\/?page_id=192\" \/>\n<meta property=\"og:site_name\" content=\"Festival del Piorno en Flor\" \/>\n<meta property=\"article:publisher\" content=\"https:\/\/www.facebook.com\/Piornosenflor\" \/>\n<meta property=\"article:modified_time\" content=\"2024-05-21T12:36:00+00:00\" \/>\n<meta property=\"og:image\" content=\"https:\/\/festivalpiornoenflor.es\/wp-content\/uploads\/2024\/05\/MG_0129.jpg\" \/>\n\t<meta property=\"og:image:width\" content=\"2184\" \/>\n\t<meta property=\"og:image:height\" content=\"1456\" \/>\n\t<meta property=\"og:image:type\" content=\"image\/jpeg\" \/>\n<meta name=\"twitter:card\" content=\"summary_large_image\" \/>\n<meta name=\"twitter:site\" content=\"@Piornoenflor\" \/>\n<meta name=\"twitter:label1\" content=\"Tiempo de lectura\" \/>\n\t<meta name=\"twitter:data1\" content=\"3 minutos\" \/>\n<script type=\"application\/ld+json\" class=\"yoast-schema-graph\">{\"@context\":\"https:\/\/schema.org\",\"@graph\":[{\"@type\":\"WebPage\",\"@id\":\"https:\/\/festivalpiornoenflor.es\/?page_id=192\",\"url\":\"https:\/\/festivalpiornoenflor.es\/?page_id=192\",\"name\":\"Uso de cookies - Festival del Piorno en Flor\",\"isPartOf\":{\"@id\":\"https:\/\/festivalpiornoenflor.es\/#website\"},\"datePublished\":\"2024-05-20T09:46:33+00:00\",\"dateModified\":\"2024-05-21T12:36:00+00:00\",\"breadcrumb\":{\"@id\":\"https:\/\/festivalpiornoenflor.es\/?page_id=192#breadcrumb\"},\"inLanguage\":\"es\",\"potentialAction\":[{\"@type\":\"ReadAction\",\"target\":[\"https:\/\/festivalpiornoenflor.es\/?page_id=192\"]}]},{\"@type\":\"BreadcrumbList\",\"@id\":\"https:\/\/festivalpiornoenflor.es\/?page_id=192#breadcrumb\",\"itemListElement\":[{\"@type\":\"ListItem\",\"position\":1,\"name\":\"Portada\",\"item\":\"https:\/\/festivalpiornoenflor.es\/\"},{\"@type\":\"ListItem\",\"position\":2,\"name\":\"Uso de cookies\"}]},{\"@type\":\"WebSite\",\"@id\":\"https:\/\/festivalpiornoenflor.es\/#website\",\"url\":\"https:\/\/festivalpiornoenflor.es\/\",\"name\":\"Festival del Piorno en Flor\",\"description\":\"\",\"publisher\":{\"@id\":\"https:\/\/festivalpiornoenflor.es\/#organization\"},\"potentialAction\":[{\"@type\":\"SearchAction\",\"target\":{\"@type\":\"EntryPoint\",\"urlTemplate\":\"https:\/\/festivalpiornoenflor.es\/?s={search_term_string}\"},\"query-input\":{\"@type\":\"PropertyValueSpecification\",\"valueRequired\":true,\"valueName\":\"search_term_string\"}}],\"inLanguage\":\"es\"},{\"@type\":\"Organization\",\"@id\":\"https:\/\/festivalpiornoenflor.es\/#organization\",\"name\":\"Festival del Piorno en Flor\",\"url\":\"https:\/\/festivalpiornoenflor.es\/\",\"logo\":{\"@type\":\"ImageObject\",\"inLanguage\":\"es\",\"@id\":\"https:\/\/festivalpiornoenflor.es\/#\/schema\/logo\/image\/\",\"url\":\"https:\/\/festivalpiornoenflor.es\/wp-content\/uploads\/2024\/05\/cropped-LOGO-ICONO.png\",\"contentUrl\":\"https:\/\/festivalpiornoenflor.es\/wp-content\/uploads\/2024\/05\/cropped-LOGO-ICONO.png\",\"width\":512,\"height\":512,\"caption\":\"Festival del Piorno en Flor\"},\"image\":{\"@id\":\"https:\/\/festivalpiornoenflor.es\/#\/schema\/logo\/image\/\"},\"sameAs\":[\"https:\/\/www.facebook.com\/Piornosenflor\",\"https:\/\/x.com\/Piornoenflor\",\"https:\/\/www.instagram.com\/piornoenflor\/?hl=es\"]}]}<\/script>\n<!-- \/ Yoast SEO plugin. -->","yoast_head_json":{"title":"Uso de cookies - Festival del Piorno en Flor","robots":{"index":"index","follow":"follow","max-snippet":"max-snippet:-1","max-image-preview":"max-image-preview:large","max-video-preview":"max-video-preview:-1"},"canonical":"https:\/\/festivalpiornoenflor.es\/?page_id=192","og_locale":"es_ES","og_type":"article","og_title":"Uso de cookies - Festival del Piorno en Flor","og_description":"Debido a la entrada en vigor de la referente modificaci\u00f3n de la \u201cLey de Servicios de la Sociedad de la Informaci\u00f3n\u201d (LSSICE) establecida por el Real Decreto 13\/2012, es de obligaci\u00f3n obtener el consentimiento expreso del usuario de todas las p\u00e1ginas web que usan cookies prescindibles, antes de que \u00e9ste navegue por ellas. \u00bfQu\u00e9 son [&hellip;]","og_url":"https:\/\/festivalpiornoenflor.es\/?page_id=192","og_site_name":"Festival del Piorno en Flor","article_publisher":"https:\/\/www.facebook.com\/Piornosenflor","article_modified_time":"2024-05-21T12:36:00+00:00","og_image":[{"width":2184,"height":1456,"url":"https:\/\/festivalpiornoenflor.es\/wp-content\/uploads\/2024\/05\/MG_0129.jpg","type":"image\/jpeg"}],"twitter_card":"summary_large_image","twitter_site":"@Piornoenflor","twitter_misc":{"Tiempo de lectura":"3 minutos"},"schema":{"@context":"https:\/\/schema.org","@graph":[{"@type":"WebPage","@id":"https:\/\/festivalpiornoenflor.es\/?page_id=192","url":"https:\/\/festivalpiornoenflor.es\/?page_id=192","name":"Uso de cookies - Festival del Piorno en Flor","isPartOf":{"@id":"https:\/\/festivalpiornoenflor.es\/#website"},"datePublished":"2024-05-20T09:46:33+00:00","dateModified":"2024-05-21T12:36:00+00:00","breadcrumb":{"@id":"https:\/\/festivalpiornoenflor.es\/?page_id=192#breadcrumb"},"inLanguage":"es","potentialAction":[{"@type":"ReadAction","target":["https:\/\/festivalpiornoenflor.es\/?page_id=192"]}]},{"@type":"BreadcrumbList","@id":"https:\/\/festivalpiornoenflor.es\/?page_id=192#breadcrumb","itemListElement":[{"@type":"ListItem","position":1,"name":"Portada","item":"https:\/\/festivalpiornoenflor.es\/"},{"@type":"ListItem","position":2,"name":"Uso de cookies"}]},{"@type":"WebSite","@id":"https:\/\/festivalpiornoenflor.es\/#website","url":"https:\/\/festivalpiornoenflor.es\/","name":"Festival del Piorno en Flor","description":"","publisher":{"@id":"https:\/\/festivalpiornoenflor.es\/#organization"},"potentialAction":[{"@type":"SearchAction","target":{"@type":"EntryPoint","urlTemplate":"https:\/\/festivalpiornoenflor.es\/?s={search_term_string}"},"query-input":{"@type":"PropertyValueSpecification","valueRequired":true,"valueName":"search_term_string"}}],"inLanguage":"es"},{"@type":"Organization","@id":"https:\/\/festivalpiornoenflor.es\/#organization","name":"Festival del Piorno en Flor","url":"https:\/\/festivalpiornoenflor.es\/","logo":{"@type":"ImageObject","inLanguage":"es","@id":"https:\/\/festivalpiornoenflor.es\/#\/schema\/logo\/image\/","url":"https:\/\/festivalpiornoenflor.es\/wp-content\/uploads\/2024\/05\/cropped-LOGO-ICONO.png","contentUrl":"https:\/\/festivalpiornoenflor.es\/wp-content\/uploads\/2024\/05\/cropped-LOGO-ICONO.png","width":512,"height":512,"caption":"Festival del Piorno en Flor"},"image":{"@id":"https:\/\/festivalpiornoenflor.es\/#\/schema\/logo\/image\/"},"sameAs":["https:\/\/www.facebook.com\/Piornosenflor","https:\/\/x.com\/Piornoenflor","https:\/\/www.instagram.com\/piornoenflor\/?hl=es"]}]}},"_links":{"self":[{"href":"https:\/\/festivalpiornoenflor.es\/index.php?rest_route=\/wp\/v2\/pages\/192","targetHints":{"allow":["GET"]}}],"collection":[{"href":"https:\/\/festivalpiornoenflor.es\/index.php?rest_route=\/wp\/v2\/pages"}],"about":[{"href":"https:\/\/festivalpiornoenflor.es\/index.php?rest_route=\/wp\/v2\/types\/page"}],"author":[{"embeddable":true,"href":"https:\/\/festivalpiornoenflor.es\/index.php?rest_route=\/wp\/v2\/users\/1"}],"replies":[{"embeddable":true,"href":"https:\/\/festivalpiornoenflor.es\/index.php?rest_route=%2Fwp%2Fv2%2Fcomments&post=192"}],"version-history":[{"count":2,"href":"https:\/\/festivalpiornoenflor.es\/index.php?rest_route=\/wp\/v2\/pages\/192\/revisions"}],"predecessor-version":[{"id":199,"href":"https:\/\/festivalpiornoenflor.es\/index.php?rest_route=\/wp\/v2\/pages\/192\/revisions\/199"}],"wp:attachment":[{"href":"https:\/\/festivalpiornoenflor.es\/index.php?rest_route=%2Fwp%2Fv2%2Fmedia&parent=192"}],"curies":[{"name":"wp","href":"https:\/\/api.w.org\/{rel}","templated":true}]}}