{"id":190,"date":"2024-05-20T09:45:11","date_gmt":"2024-05-20T09:45:11","guid":{"rendered":"https:\/\/festivalpiornoenflor.es\/?page_id=190"},"modified":"2024-05-21T12:36:52","modified_gmt":"2024-05-21T12:36:52","slug":"aviso-legal","status":"publish","type":"page","link":"https:\/\/festivalpiornoenflor.es\/?page_id=190","title":{"rendered":"Aviso Legal"},"content":{"rendered":"\n<p><strong>1.) IDENTIFICACI\u00d3N DEL PRESTADOR DE SERVICIOS:<\/strong><\/p>\n\n\n\n<p>1.1.) En cumplimiento con el deber de informaci\u00f3n general que, recogido en el art\u00edculo 10 de la Ley 34\/2002, de 11 de julio, de Servicios de la Sociedad de la Informaci\u00f3n y de Comercio Electr\u00f3nico, deben ofrecer los prestadores de servicios de la sociedad de informaci\u00f3n, a continuaci\u00f3n se reflejan los siguientes datos:<br>La empresa\/profesional, titular del website festivalpiornoenflor.es es Asoc. de empresarios Gredos Norte con CIF: G05223441 y direcci\u00f3n en C\/Claudio S\u00e1nchez Albornoz, 05634 Hoyos del Espino (\u00c1vila) Inscrita en el Registro Mercantil de .<\/p>\n\n\n\n<p><strong>2.) AVISO SOBRE LA POL\u00cdTICA DE PRIVACIDAD DE LOS DATOS:<\/strong><\/p>\n\n\n\n<p>A efectos de lo previsto en el Reglamento Europeo2016\/679 , informamos a los usuarios y\/o clientes, que los datos personales introducidos voluntariamente ser\u00e1n guardados en el Registro de Actividades&nbsp;de tratamiento: Clientes Weby\/o,Formularios de Contacto Web, y\/o Comunicaciones Comerciales de la empresa cuya finalidad es la de que Asoc. de empresarios Gredos Norte pueda prestar el servicio solicitado y realizar la facturaci\u00f3n del mismo.<\/p>\n\n\n\n<p>Asoc. de empresarios Gredos Norte garantiza la seguridad y confidencialidad de los datos facilitados. De este modo, se compromete al cumplimiento de su obligaci\u00f3n de secreto de los datos de car\u00e1cter personal y de su deber de guardarlos y adoptar todas las medidas necesarias para evitar su alteraci\u00f3n, p\u00e9rdida, tratamiento o uso no autorizado. Por lo tanto, toda la informaci\u00f3n que nos facilite no ser\u00e1 cedida a terceros salvo que en los casos que por obligaci\u00f3n legal as\u00ed haya que hacerlo o para la correcta prestaci\u00f3n de los servicios contratados.<br>&nbsp;<br>Usted podr\u00e1 en todo momento ejercitar los derechos de acceso, rectificaci\u00f3n, cancelaci\u00f3n y portabilidad de sus datos, y la limitaci\u00f3n u oposici\u00f3n a su tratamiento, as\u00ed como retirar el consentimiento aceptado al tratamiento de sus datos comunic\u00e1ndolo por escrito, debidamente acreditado, a nuestra direcci\u00f3n de correo electr\u00f3nico pulsando aqu\u00ed. infopiornoenflor@gmail.com, e incluso interponer reclamaci\u00f3n ante la Agencia Espa\u00f1ola de Protecci\u00f3n de Datos.<\/p>\n\n\n\n<p><strong>3.) VARIOS:<\/strong><\/p>\n\n\n\n<p>A.- Asoc. de empresarios Gredos Norte utiliza en su sitio web&nbsp;cookies que se quedar\u00e1n almacenadas en el ordenador. Las cookies son peque\u00f1os archivos que nuestro ordenador env\u00eda al suyo, pero que no nos proporcionan informaci\u00f3n ni sobre su nombre, ni sobre cualquier dato de car\u00e1cter personal suyo. Cuando el usuario se encuentre navegando por las p\u00e1ginas web de Asoc. de empresarios Gredos Norte el servidor donde se encuentra alojada reconoce autom\u00e1ticamente la direcci\u00f3n IP de su ordenador, el d\u00eda y la hora en la que comienza la visita, en la que abandona la visita, as\u00ed como informaci\u00f3n sobre las distintas secciones consultadas. Es necesario que el servidor conozca estos datos para poder comunicarse y enviarle la petici\u00f3n realizada y que a trav\u00e9s del navegador se pueda ver en la pantalla.<\/p>\n\n\n\n<p>B.- Asoc. de empresarios Gredos Norte podr\u00e1 modificar, sin previo aviso, la informaci\u00f3n contenida en su sitio web, as\u00ed como su configuraci\u00f3n y presentaci\u00f3n.<\/p>\n\n\n\n<p>C.- Asoc. de empresarios Gredos Norte no se hace responsable del incumplimiento de cualquier norma aplicable en que pueda incurrir el usuario en su acceso al sitio web y\/o en el uso de las informaciones contenidas en el mismo.<\/p>\n\n\n\n<p><\/p>\n","protected":false},"excerpt":{"rendered":"<p>1.) IDENTIFICACI\u00d3N DEL PRESTADOR DE SERVICIOS: 1.1.) En cumplimiento con el deber de informaci\u00f3n general que, recogido en el art\u00edculo 10 de la Ley 34\/2002, de 11 de julio, de Servicios de la Sociedad de la Informaci\u00f3n y de Comercio Electr\u00f3nico, deben ofrecer los prestadores de servicios de la sociedad de informaci\u00f3n, a continuaci\u00f3n se [&hellip;]<\/p>\n","protected":false},"author":1,"featured_media":0,"parent":0,"menu_order":0,"comment_status":"closed","ping_status":"closed","template":"","meta":{"footnotes":""},"class_list":["post-190","page","type-page","status-publish","hentry"],"yoast_head":"<!-- This site is optimized with the Yoast SEO plugin v25.7 - https:\/\/yoast.com\/wordpress\/plugins\/seo\/ -->\n<title>Aviso Legal - Festival del Piorno en Flor<\/title>\n<meta name=\"robots\" content=\"index, follow, max-snippet:-1, max-image-preview:large, max-video-preview:-1\" \/>\n<link rel=\"canonical\" href=\"https:\/\/festivalpiornoenflor.es\/?page_id=190\" \/>\n<meta property=\"og:locale\" content=\"es_ES\" \/>\n<meta property=\"og:type\" content=\"article\" \/>\n<meta property=\"og:title\" content=\"Aviso Legal - Festival del Piorno en Flor\" \/>\n<meta property=\"og:description\" content=\"1.) IDENTIFICACI\u00d3N DEL PRESTADOR DE SERVICIOS: 1.1.) En cumplimiento con el deber de informaci\u00f3n general que, recogido en el art\u00edculo 10 de la Ley 34\/2002, de 11 de julio, de Servicios de la Sociedad de la Informaci\u00f3n y de Comercio Electr\u00f3nico, deben ofrecer los prestadores de servicios de la sociedad de informaci\u00f3n, a continuaci\u00f3n se [&hellip;]\" \/>\n<meta property=\"og:url\" content=\"https:\/\/festivalpiornoenflor.es\/?page_id=190\" \/>\n<meta property=\"og:site_name\" content=\"Festival del Piorno en Flor\" \/>\n<meta property=\"article:publisher\" content=\"https:\/\/www.facebook.com\/Piornosenflor\" \/>\n<meta property=\"article:modified_time\" content=\"2024-05-21T12:36:52+00:00\" \/>\n<meta property=\"og:image\" content=\"https:\/\/festivalpiornoenflor.es\/wp-content\/uploads\/2024\/05\/MG_0129.jpg\" \/>\n\t<meta property=\"og:image:width\" content=\"2184\" \/>\n\t<meta property=\"og:image:height\" content=\"1456\" \/>\n\t<meta property=\"og:image:type\" content=\"image\/jpeg\" \/>\n<meta name=\"twitter:card\" content=\"summary_large_image\" \/>\n<meta name=\"twitter:site\" content=\"@Piornoenflor\" \/>\n<meta name=\"twitter:label1\" content=\"Tiempo de lectura\" \/>\n\t<meta name=\"twitter:data1\" content=\"3 minutos\" \/>\n<script type=\"application\/ld+json\" class=\"yoast-schema-graph\">{\"@context\":\"https:\/\/schema.org\",\"@graph\":[{\"@type\":\"WebPage\",\"@id\":\"https:\/\/festivalpiornoenflor.es\/?page_id=190\",\"url\":\"https:\/\/festivalpiornoenflor.es\/?page_id=190\",\"name\":\"Aviso Legal - Festival del Piorno en Flor\",\"isPartOf\":{\"@id\":\"https:\/\/festivalpiornoenflor.es\/#website\"},\"datePublished\":\"2024-05-20T09:45:11+00:00\",\"dateModified\":\"2024-05-21T12:36:52+00:00\",\"breadcrumb\":{\"@id\":\"https:\/\/festivalpiornoenflor.es\/?page_id=190#breadcrumb\"},\"inLanguage\":\"es\",\"potentialAction\":[{\"@type\":\"ReadAction\",\"target\":[\"https:\/\/festivalpiornoenflor.es\/?page_id=190\"]}]},{\"@type\":\"BreadcrumbList\",\"@id\":\"https:\/\/festivalpiornoenflor.es\/?page_id=190#breadcrumb\",\"itemListElement\":[{\"@type\":\"ListItem\",\"position\":1,\"name\":\"Portada\",\"item\":\"https:\/\/festivalpiornoenflor.es\/\"},{\"@type\":\"ListItem\",\"position\":2,\"name\":\"Aviso Legal\"}]},{\"@type\":\"WebSite\",\"@id\":\"https:\/\/festivalpiornoenflor.es\/#website\",\"url\":\"https:\/\/festivalpiornoenflor.es\/\",\"name\":\"Festival del Piorno en Flor\",\"description\":\"\",\"publisher\":{\"@id\":\"https:\/\/festivalpiornoenflor.es\/#organization\"},\"potentialAction\":[{\"@type\":\"SearchAction\",\"target\":{\"@type\":\"EntryPoint\",\"urlTemplate\":\"https:\/\/festivalpiornoenflor.es\/?s={search_term_string}\"},\"query-input\":{\"@type\":\"PropertyValueSpecification\",\"valueRequired\":true,\"valueName\":\"search_term_string\"}}],\"inLanguage\":\"es\"},{\"@type\":\"Organization\",\"@id\":\"https:\/\/festivalpiornoenflor.es\/#organization\",\"name\":\"Festival del Piorno en Flor\",\"url\":\"https:\/\/festivalpiornoenflor.es\/\",\"logo\":{\"@type\":\"ImageObject\",\"inLanguage\":\"es\",\"@id\":\"https:\/\/festivalpiornoenflor.es\/#\/schema\/logo\/image\/\",\"url\":\"https:\/\/festivalpiornoenflor.es\/wp-content\/uploads\/2024\/05\/cropped-LOGO-ICONO.png\",\"contentUrl\":\"https:\/\/festivalpiornoenflor.es\/wp-content\/uploads\/2024\/05\/cropped-LOGO-ICONO.png\",\"width\":512,\"height\":512,\"caption\":\"Festival del Piorno en Flor\"},\"image\":{\"@id\":\"https:\/\/festivalpiornoenflor.es\/#\/schema\/logo\/image\/\"},\"sameAs\":[\"https:\/\/www.facebook.com\/Piornosenflor\",\"https:\/\/x.com\/Piornoenflor\",\"https:\/\/www.instagram.com\/piornoenflor\/?hl=es\"]}]}<\/script>\n<!-- \/ Yoast SEO plugin. -->","yoast_head_json":{"title":"Aviso Legal - Festival del Piorno en Flor","robots":{"index":"index","follow":"follow","max-snippet":"max-snippet:-1","max-image-preview":"max-image-preview:large","max-video-preview":"max-video-preview:-1"},"canonical":"https:\/\/festivalpiornoenflor.es\/?page_id=190","og_locale":"es_ES","og_type":"article","og_title":"Aviso Legal - Festival del Piorno en Flor","og_description":"1.) IDENTIFICACI\u00d3N DEL PRESTADOR DE SERVICIOS: 1.1.) En cumplimiento con el deber de informaci\u00f3n general que, recogido en el art\u00edculo 10 de la Ley 34\/2002, de 11 de julio, de Servicios de la Sociedad de la Informaci\u00f3n y de Comercio Electr\u00f3nico, deben ofrecer los prestadores de servicios de la sociedad de informaci\u00f3n, a continuaci\u00f3n se [&hellip;]","og_url":"https:\/\/festivalpiornoenflor.es\/?page_id=190","og_site_name":"Festival del Piorno en Flor","article_publisher":"https:\/\/www.facebook.com\/Piornosenflor","article_modified_time":"2024-05-21T12:36:52+00:00","og_image":[{"width":2184,"height":1456,"url":"https:\/\/festivalpiornoenflor.es\/wp-content\/uploads\/2024\/05\/MG_0129.jpg","type":"image\/jpeg"}],"twitter_card":"summary_large_image","twitter_site":"@Piornoenflor","twitter_misc":{"Tiempo de lectura":"3 minutos"},"schema":{"@context":"https:\/\/schema.org","@graph":[{"@type":"WebPage","@id":"https:\/\/festivalpiornoenflor.es\/?page_id=190","url":"https:\/\/festivalpiornoenflor.es\/?page_id=190","name":"Aviso Legal - Festival del Piorno en Flor","isPartOf":{"@id":"https:\/\/festivalpiornoenflor.es\/#website"},"datePublished":"2024-05-20T09:45:11+00:00","dateModified":"2024-05-21T12:36:52+00:00","breadcrumb":{"@id":"https:\/\/festivalpiornoenflor.es\/?page_id=190#breadcrumb"},"inLanguage":"es","potentialAction":[{"@type":"ReadAction","target":["https:\/\/festivalpiornoenflor.es\/?page_id=190"]}]},{"@type":"BreadcrumbList","@id":"https:\/\/festivalpiornoenflor.es\/?page_id=190#breadcrumb","itemListElement":[{"@type":"ListItem","position":1,"name":"Portada","item":"https:\/\/festivalpiornoenflor.es\/"},{"@type":"ListItem","position":2,"name":"Aviso Legal"}]},{"@type":"WebSite","@id":"https:\/\/festivalpiornoenflor.es\/#website","url":"https:\/\/festivalpiornoenflor.es\/","name":"Festival del Piorno en Flor","description":"","publisher":{"@id":"https:\/\/festivalpiornoenflor.es\/#organization"},"potentialAction":[{"@type":"SearchAction","target":{"@type":"EntryPoint","urlTemplate":"https:\/\/festivalpiornoenflor.es\/?s={search_term_string}"},"query-input":{"@type":"PropertyValueSpecification","valueRequired":true,"valueName":"search_term_string"}}],"inLanguage":"es"},{"@type":"Organization","@id":"https:\/\/festivalpiornoenflor.es\/#organization","name":"Festival del Piorno en Flor","url":"https:\/\/festivalpiornoenflor.es\/","logo":{"@type":"ImageObject","inLanguage":"es","@id":"https:\/\/festivalpiornoenflor.es\/#\/schema\/logo\/image\/","url":"https:\/\/festivalpiornoenflor.es\/wp-content\/uploads\/2024\/05\/cropped-LOGO-ICONO.png","contentUrl":"https:\/\/festivalpiornoenflor.es\/wp-content\/uploads\/2024\/05\/cropped-LOGO-ICONO.png","width":512,"height":512,"caption":"Festival del Piorno en Flor"},"image":{"@id":"https:\/\/festivalpiornoenflor.es\/#\/schema\/logo\/image\/"},"sameAs":["https:\/\/www.facebook.com\/Piornosenflor","https:\/\/x.com\/Piornoenflor","https:\/\/www.instagram.com\/piornoenflor\/?hl=es"]}]}},"_links":{"self":[{"href":"https:\/\/festivalpiornoenflor.es\/index.php?rest_route=\/wp\/v2\/pages\/190","targetHints":{"allow":["GET"]}}],"collection":[{"href":"https:\/\/festivalpiornoenflor.es\/index.php?rest_route=\/wp\/v2\/pages"}],"about":[{"href":"https:\/\/festivalpiornoenflor.es\/index.php?rest_route=\/wp\/v2\/types\/page"}],"author":[{"embeddable":true,"href":"https:\/\/festivalpiornoenflor.es\/index.php?rest_route=\/wp\/v2\/users\/1"}],"replies":[{"embeddable":true,"href":"https:\/\/festivalpiornoenflor.es\/index.php?rest_route=%2Fwp%2Fv2%2Fcomments&post=190"}],"version-history":[{"count":2,"href":"https:\/\/festivalpiornoenflor.es\/index.php?rest_route=\/wp\/v2\/pages\/190\/revisions"}],"predecessor-version":[{"id":200,"href":"https:\/\/festivalpiornoenflor.es\/index.php?rest_route=\/wp\/v2\/pages\/190\/revisions\/200"}],"wp:attachment":[{"href":"https:\/\/festivalpiornoenflor.es\/index.php?rest_route=%2Fwp%2Fv2%2Fmedia&parent=190"}],"curies":[{"name":"wp","href":"https:\/\/api.w.org\/{rel}","templated":true}]}}